{"id":39,"date":"2020-10-23T13:23:02","date_gmt":"2020-10-23T16:23:02","guid":{"rendered":"http:\/\/welearn.fun\/?page_id=39"},"modified":"2025-10-02T12:17:02","modified_gmt":"2025-10-02T15:17:02","slug":"home","status":"publish","type":"page","link":"https:\/\/welearn.fun\/","title":{"rendered":"Home"},"content":{"rendered":"\t\t<div data-elementor-type=\"wp-page\" data-elementor-id=\"39\" class=\"elementor elementor-39\" data-elementor-settings=\"[]\">\n\t\t\t\t\t\t<div class=\"elementor-inner\">\n\t\t\t\t\t\t\t<div class=\"elementor-section-wrap\">\n\t\t\t\t\t\t\t<section class=\"elementor-section elementor-top-section elementor-element elementor-element-1033b700 elementor-section-full_width elementor-section-stretched elementor-section-height-default elementor-section-height-default\" data-id=\"1033b700\" data-element_type=\"section\" data-settings=\"{&quot;stretch_section&quot;:&quot;section-stretched&quot;}\">\n\t\t\t\t\t\t<div class=\"elementor-container elementor-column-gap-default\">\n\t\t\t\t\t\t\t<div class=\"elementor-row\">\n\t\t\t\t\t<div class=\"elementor-column elementor-col-100 elementor-top-column elementor-element elementor-element-df0c7c1\" data-id=\"df0c7c1\" data-element_type=\"column\">\n\t\t\t<div class=\"elementor-column-wrap elementor-element-populated\">\n\t\t\t\t\t\t\t<div class=\"elementor-widget-wrap\">\n\t\t\t\t\t\t<div class=\"elementor-element elementor-element-075d14c elementor-widget elementor-widget-html\" data-id=\"075d14c\" data-element_type=\"widget\" data-widget_type=\"html.default\">\n\t\t\t\t<div class=\"elementor-widget-container\">\n\t\t\t<picture>\n  <source media=\"(max-width: 799px)\" srcset=\"https:\/\/welearn.fun\/wp-content\/uploads\/2020\/10\/animaMobile.gif\">\n  <source media=\"(min-width: 800px)\" srcset=\"https:\/\/welearn.fun\/wp-content\/uploads\/2020\/10\/anima3b.gif\">\n<img src=\"https:\/\/welearn.fun\/wp-content\/uploads\/2020\/10\/anima3b.gif\" loading=\"lazy\" style=\"\n    display: block;\n    margin: auto;\n\">\n<\/picture>\n\t\t<\/div>\n\t\t\t\t<\/div>\n\t\t\t\t\t\t<\/div>\n\t\t\t\t\t<\/div>\n\t\t<\/div>\n\t\t\t\t\t\t\t\t<\/div>\n\t\t\t\t\t<\/div>\n\t\t<\/section>\n\t\t\t\t<section class=\"elementor-section elementor-top-section elementor-element elementor-element-93d1d2a elementor-section-boxed elementor-section-height-default elementor-section-height-default\" data-id=\"93d1d2a\" data-element_type=\"section\">\n\t\t\t\t\t\t<div class=\"elementor-container elementor-column-gap-default\">\n\t\t\t\t\t\t\t<div class=\"elementor-row\">\n\t\t\t\t\t<div class=\"elementor-column elementor-col-100 elementor-top-column elementor-element elementor-element-7bc5047\" data-id=\"7bc5047\" data-element_type=\"column\">\n\t\t\t<div class=\"elementor-column-wrap elementor-element-populated\">\n\t\t\t\t\t\t\t<div class=\"elementor-widget-wrap\">\n\t\t\t\t\t\t<section class=\"elementor-section elementor-inner-section elementor-element elementor-element-dfc6626 elementor-section-full_width elementor-section-content-top elementor-section-height-default elementor-section-height-default elementor-invisible\" data-id=\"dfc6626\" data-element_type=\"section\" id=\"sobre\" data-settings=\"{&quot;animation&quot;:&quot;none&quot;}\">\n\t\t\t\t\t\t<div class=\"elementor-container elementor-column-gap-default\">\n\t\t\t\t\t\t\t<div class=\"elementor-row\">\n\t\t\t\t\t<div class=\"elementor-column elementor-col-50 elementor-inner-column elementor-element elementor-element-6fced39 elementor-invisible\" data-id=\"6fced39\" data-element_type=\"column\" data-settings=\"{&quot;background_background&quot;:&quot;classic&quot;,&quot;animation&quot;:&quot;none&quot;}\">\n\t\t\t<div class=\"elementor-column-wrap elementor-element-populated\">\n\t\t\t\t\t\t\t<div class=\"elementor-widget-wrap\">\n\t\t\t\t\t\t<div class=\"elementor-element elementor-element-8772abc elementor-widget elementor-widget-spacer\" data-id=\"8772abc\" data-element_type=\"widget\" data-widget_type=\"spacer.default\">\n\t\t\t\t<div class=\"elementor-widget-container\">\n\t\t\t\t\t<div class=\"elementor-spacer\">\n\t\t\t<div class=\"elementor-spacer-inner\"><\/div>\n\t\t<\/div>\n\t\t\t\t<\/div>\n\t\t\t\t<\/div>\n\t\t\t\t\t\t<\/div>\n\t\t\t\t\t<\/div>\n\t\t<\/div>\n\t\t\t\t<div class=\"elementor-column elementor-col-50 elementor-inner-column elementor-element elementor-element-0220ad6\" data-id=\"0220ad6\" data-element_type=\"column\" data-settings=\"{&quot;background_background&quot;:&quot;classic&quot;}\">\n\t\t\t<div class=\"elementor-column-wrap elementor-element-populated\">\n\t\t\t\t\t\t\t<div class=\"elementor-widget-wrap\">\n\t\t\t\t\t\t<div class=\"elementor-element elementor-element-4c28381 elementor-widget elementor-widget-text-editor\" data-id=\"4c28381\" data-element_type=\"widget\" data-widget_type=\"text-editor.default\">\n\t\t\t\t<div class=\"elementor-widget-container\">\n\t\t\t\t\t<div class=\"elementor-text-editor elementor-clearfix\"><h4><span style=\"color: #ed1c24;\">WeLearn.Fun<\/span> <span style=\"color: #41ba7c; white-space: nowrap;\">Colearning<\/span><\/h4><p>O WeLearn.Fun Colearning \u00e9 um clube de aprendizagem que cria um ecossistema autossustent\u00e1vel, alimentado de conte\u00fado pelos pr\u00f3prios membros, e visa desenvolver as compet\u00eancias para lidar com o novo. A curadoria das din\u00e2micas traz metodologias divertidas, comprovadas pela neuroci\u00eancia, para destravar a criatividade, aprender a solucionar problemas complexos e abra\u00e7ar as mudan\u00e7as.\u00a0<\/p><\/div>\n\t\t\t\t<\/div>\n\t\t\t\t<\/div>\n\t\t\t\t\t\t<\/div>\n\t\t\t\t\t<\/div>\n\t\t<\/div>\n\t\t\t\t\t\t\t\t<\/div>\n\t\t\t\t\t<\/div>\n\t\t<\/section>\n\t\t\t\t<section class=\"elementor-section elementor-inner-section elementor-element elementor-element-19ce698 elementor-section-full_width elementor-section-content-top elementor-section-height-default elementor-section-height-default elementor-invisible\" data-id=\"19ce698\" data-element_type=\"section\" data-settings=\"{&quot;animation&quot;:&quot;none&quot;}\">\n\t\t\t\t\t\t<div class=\"elementor-container elementor-column-gap-default\">\n\t\t\t\t\t\t\t<div class=\"elementor-row\">\n\t\t\t\t\t<div class=\"elementor-column elementor-col-50 elementor-inner-column elementor-element elementor-element-df4a042\" data-id=\"df4a042\" data-element_type=\"column\" data-settings=\"{&quot;background_background&quot;:&quot;classic&quot;}\">\n\t\t\t<div class=\"elementor-column-wrap elementor-element-populated\">\n\t\t\t\t\t\t\t<div class=\"elementor-widget-wrap\">\n\t\t\t\t\t\t<div class=\"elementor-element elementor-element-92d19d9 elementor-widget elementor-widget-text-editor\" data-id=\"92d19d9\" data-element_type=\"widget\" data-widget_type=\"text-editor.default\">\n\t\t\t\t<div class=\"elementor-widget-container\">\n\t\t\t\t\t<div class=\"elementor-text-editor elementor-clearfix\"><h4><span style=\"color: #ed1c24;\">O que exatamente \u00e9 <span style=\"color: #41ba7c;\">COLEARNING ou<\/span> <span style=\"color: #344fa2;\">coaprendizagem?<\/span><\/span><\/h4><p>Hoje, as novidades est\u00e3o ao nosso alcance. Os feeds de redes sociais se tornaram salas de debate global. Embora o poder da Internet tenha tornado tudo mais acess\u00edvel, tamb\u00e9m enfrentamos uma crise de relacionamento milenar e somos uma das gera\u00e7\u00f5es mais solit\u00e1rias de seres humanos.<\/p><p>A necessidade de comunidade e parceria nunca foi mais urgente. Adicione a isso a necessidade de rumo em um mundo em mudan\u00e7a, onde a inven\u00e7\u00e3o de ontem \u00e9 destru\u00edda pela inova\u00e7\u00e3o de hoje.\u00a0<\/p><p>\u00c9 aqui que a coaprendizagem &#8211; ou aprendizagem colaborativa &#8211; vem em nosso socorro!\u00a0<\/p><p>O colearning permite que os participantes se envolvam uns com os outros durante o processo de aprendizagem e coordenem esfor\u00e7os para compreender e resolver um problema. Todo mundo aprende mais por meio do coaprendizado!<\/p><p>O WeLearn.Fun combina a ideia de comunidade com discuss\u00e3o e aprendizagem. Isso garante que as informa\u00e7\u00f5es n\u00e3o sejam transmitidas de uma fonte para outra, como em uma configura\u00e7\u00e3o tradicional.\u00a0<\/p><p>Aqui as informa\u00e7\u00f5es s\u00e3o analisadas de v\u00e1rias perspectivas e discutidas. Assim, a coaprendizagem resulta na reten\u00e7\u00e3o de mais informa\u00e7\u00f5es pelos participantes devido \u00e0s reflexivas discuss\u00f5es realizadas sobre o assunto.<\/p><\/div>\n\t\t\t\t<\/div>\n\t\t\t\t<\/div>\n\t\t\t\t\t\t<\/div>\n\t\t\t\t\t<\/div>\n\t\t<\/div>\n\t\t\t\t<div class=\"elementor-column elementor-col-50 elementor-inner-column elementor-element elementor-element-4d49ccf elementor-invisible\" data-id=\"4d49ccf\" data-element_type=\"column\" data-settings=\"{&quot;background_background&quot;:&quot;classic&quot;,&quot;animation&quot;:&quot;none&quot;}\">\n\t\t\t<div class=\"elementor-column-wrap elementor-element-populated\">\n\t\t\t\t\t\t\t<div class=\"elementor-widget-wrap\">\n\t\t\t\t\t\t<div class=\"elementor-element elementor-element-849c43a elementor-hidden-desktop elementor-widget elementor-widget-spacer\" data-id=\"849c43a\" data-element_type=\"widget\" data-widget_type=\"spacer.default\">\n\t\t\t\t<div class=\"elementor-widget-container\">\n\t\t\t\t\t<div class=\"elementor-spacer\">\n\t\t\t<div class=\"elementor-spacer-inner\"><\/div>\n\t\t<\/div>\n\t\t\t\t<\/div>\n\t\t\t\t<\/div>\n\t\t\t\t\t\t<\/div>\n\t\t\t\t\t<\/div>\n\t\t<\/div>\n\t\t\t\t\t\t\t\t<\/div>\n\t\t\t\t\t<\/div>\n\t\t<\/section>\n\t\t\t\t\t\t<\/div>\n\t\t\t\t\t<\/div>\n\t\t<\/div>\n\t\t\t\t\t\t\t\t<\/div>\n\t\t\t\t\t<\/div>\n\t\t<\/section>\n\t\t\t\t<section class=\"elementor-section elementor-top-section elementor-element elementor-element-3adf6a5 elementor-section-boxed elementor-section-height-default elementor-section-height-default\" data-id=\"3adf6a5\" data-element_type=\"section\" data-settings=\"{&quot;background_background&quot;:&quot;classic&quot;}\">\n\t\t\t\t\t\t<div class=\"elementor-container elementor-column-gap-default\">\n\t\t\t\t\t\t\t<div class=\"elementor-row\">\n\t\t\t\t\t<div class=\"elementor-column elementor-col-100 elementor-top-column elementor-element elementor-element-1497df0 h2-header\" data-id=\"1497df0\" data-element_type=\"column\">\n\t\t\t<div class=\"elementor-column-wrap elementor-element-populated\">\n\t\t\t\t\t\t\t<div class=\"elementor-widget-wrap\">\n\t\t\t\t\t\t<div class=\"elementor-element elementor-element-511d50f elementor-widget elementor-widget-heading\" data-id=\"511d50f\" data-element_type=\"widget\" data-widget_type=\"heading.default\">\n\t\t\t\t<div class=\"elementor-widget-container\">\n\t\t\t<h2 class=\"elementor-heading-title elementor-size-default\">CONHE\u00c7A ALGUMAS<br><span style='color:#344fa2;'>DAS DIN\u00c2MICAS <\/span><br><nobr style='color:#41ba7c;'>j\u00e1 dispon\u00edveis!<\/nobr><\/h2>\t\t<\/div>\n\t\t\t\t<\/div>\n\t\t\t\t\t\t<\/div>\n\t\t\t\t\t<\/div>\n\t\t<\/div>\n\t\t\t\t\t\t\t\t<\/div>\n\t\t\t\t\t<\/div>\n\t\t<\/section>\n\t\t\t\t<section class=\"elementor-section elementor-top-section elementor-element elementor-element-c6c21bd elementor-section-boxed elementor-section-height-default elementor-section-height-default\" data-id=\"c6c21bd\" data-element_type=\"section\">\n\t\t\t\t\t\t<div class=\"elementor-container elementor-column-gap-default\">\n\t\t\t\t\t\t\t<div class=\"elementor-row\">\n\t\t\t\t\t<div class=\"elementor-column elementor-col-100 elementor-top-column elementor-element elementor-element-948a575\" data-id=\"948a575\" data-element_type=\"column\">\n\t\t\t<div class=\"elementor-column-wrap elementor-element-populated\">\n\t\t\t\t\t\t\t<div class=\"elementor-widget-wrap\">\n\t\t\t\t\t\t<section class=\"elementor-section elementor-inner-section elementor-element elementor-element-0f2312d elementor-section-full_width elementor-section-content-top elementor-section-height-default elementor-section-height-default elementor-invisible\" data-id=\"0f2312d\" data-element_type=\"section\" data-settings=\"{&quot;animation&quot;:&quot;none&quot;}\">\n\t\t\t\t\t\t<div class=\"elementor-container elementor-column-gap-default\">\n\t\t\t\t\t\t\t<div class=\"elementor-row\">\n\t\t\t\t\t<div class=\"elementor-column elementor-col-100 elementor-inner-column elementor-element elementor-element-b5506ef\" data-id=\"b5506ef\" data-element_type=\"column\" data-settings=\"{&quot;background_background&quot;:&quot;classic&quot;}\">\n\t\t\t<div class=\"elementor-column-wrap elementor-element-populated\">\n\t\t\t\t\t\t\t<div class=\"elementor-widget-wrap\">\n\t\t\t\t\t\t<div class=\"elementor-element elementor-element-19f4d95 elementor-widget elementor-widget-text-editor\" data-id=\"19f4d95\" data-element_type=\"widget\" data-widget_type=\"text-editor.default\">\n\t\t\t\t<div class=\"elementor-widget-container\">\n\t\t\t\t\t<div class=\"elementor-text-editor elementor-clearfix\"><h4><span style=\"color: #ed1c24;\">DESIGN THINKING<\/span><br \/><span style=\"color: #344fa2;\"><span style=\"caret-color: #344fa2;\">para a<\/span><\/span><br \/><span style=\"color: #41ba7c;\">felicidade<\/span><\/h4><p>Aprenda a pensar fora dos padr\u00f5es para solucionar problemas da sua vida aperfei\u00e7oando o seu senso de criatividade e sua capacidade de inovar!<\/p><p>O Design Thinking estimula a expans\u00e3o do pensamento, a busca pelo conhecimento e a habilidade de trazer respostas originais \u00e0s demandas.<\/p><p>Na abordagem do Design Thinking as solu\u00e7\u00f5es s\u00e3o criadas coletivamente. \u00c9 necess\u00e1rio \u201ccal\u00e7ar os sapatos do outro\u201d, entender suas necessidades e motiva\u00e7\u00f5es e trabalhar a partir dessas caracter\u00edsticas, encontrando um caminho selecionado por todos.<\/p><p>O processo colaborativo desenvolve um alto senso de empatia!<\/p><p>Qual \u00e9 o maior benef\u00edcio do Design Thinking para a sua vida?<\/p><p>Por ser uma abordagem de solu\u00e7\u00e3o de problemas em geral, ela pode ser aplicada em v\u00e1rias situa\u00e7\u00f5es. Os participantes passam a usar o Design Thinking como uma ferramenta auxiliar para ajud\u00e1-las a encontrar sa\u00eddas para diversos problemas, inclusive de car\u00e1ter pessoal, quest\u00f5es escolares, entre outras.<\/p><p>As pessoas que tomam consci\u00eancia dessa abordagem, come\u00e7am a enxergar os desafios da vida com uma vis\u00e3o mais sist\u00eamica e positiva!<\/p><div><strong>Compet\u00eancias desenvolvidas<\/strong><\/div><ul><li>Solu\u00e7\u00e3o de problemas complexos<\/li><li>Empatia<\/li><li>Vis\u00e3o sist\u00eamica<\/li><li>Pensamento cr\u00edtico<\/li><li>Cultura do erro<\/li><li>Senso de pertencimento e prop\u00f3sito<\/li><li>Trabalho colaborativo<\/li><\/ul><p>Facilita\u00e7\u00e3o: <a href=\"https:\/\/www.linkedin.com\/in\/karen-cesar-b647a3a\" target=\"_blank\" rel=\"noopener\">Karen Cesar<\/a><\/p><p>At\u00e9 3 horas de dura\u00e7\u00e3o<br \/><span style=\"font-size: inherit; text-align: inherit; color: var( --e-global-color-text ); font-weight: var( --e-global-typography-text-font-weight ); letter-spacing: -0.015em;\">Hor\u00e1rio a definir em conjunto com os colearners<\/span><\/p><\/div>\n\t\t\t\t<\/div>\n\t\t\t\t<\/div>\n\t\t\t\t<div class=\"elementor-element elementor-element-aa21fd5 elementor-widget elementor-widget-spacer\" data-id=\"aa21fd5\" data-element_type=\"widget\" data-widget_type=\"spacer.default\">\n\t\t\t\t<div class=\"elementor-widget-container\">\n\t\t\t\t\t<div class=\"elementor-spacer\">\n\t\t\t<div class=\"elementor-spacer-inner\"><\/div>\n\t\t<\/div>\n\t\t\t\t<\/div>\n\t\t\t\t<\/div>\n\t\t\t\t\t\t<\/div>\n\t\t\t\t\t<\/div>\n\t\t<\/div>\n\t\t\t\t\t\t\t\t<\/div>\n\t\t\t\t\t<\/div>\n\t\t<\/section>\n\t\t\t\t<section class=\"elementor-section elementor-inner-section elementor-element elementor-element-ec66518 elementor-section-full_width elementor-section-content-top elementor-section-height-default elementor-section-height-default elementor-invisible\" data-id=\"ec66518\" data-element_type=\"section\" data-settings=\"{&quot;animation&quot;:&quot;none&quot;}\">\n\t\t\t\t\t\t<div class=\"elementor-container elementor-column-gap-default\">\n\t\t\t\t\t\t\t<div class=\"elementor-row\">\n\t\t\t\t\t<div class=\"elementor-column elementor-col-50 elementor-inner-column elementor-element elementor-element-4bd81a3 elementor-invisible\" data-id=\"4bd81a3\" data-element_type=\"column\" data-settings=\"{&quot;background_background&quot;:&quot;classic&quot;,&quot;animation&quot;:&quot;none&quot;}\">\n\t\t\t<div class=\"elementor-column-wrap elementor-element-populated\">\n\t\t\t\t\t\t\t<div class=\"elementor-widget-wrap\">\n\t\t\t\t\t\t<div class=\"elementor-element elementor-element-d35336e elementor-widget elementor-widget-spacer\" data-id=\"d35336e\" data-element_type=\"widget\" data-widget_type=\"spacer.default\">\n\t\t\t\t<div class=\"elementor-widget-container\">\n\t\t\t\t\t<div class=\"elementor-spacer\">\n\t\t\t<div class=\"elementor-spacer-inner\"><\/div>\n\t\t<\/div>\n\t\t\t\t<\/div>\n\t\t\t\t<\/div>\n\t\t\t\t\t\t<\/div>\n\t\t\t\t\t<\/div>\n\t\t<\/div>\n\t\t\t\t<div class=\"elementor-column elementor-col-50 elementor-inner-column elementor-element elementor-element-21fd457\" data-id=\"21fd457\" data-element_type=\"column\" data-settings=\"{&quot;background_background&quot;:&quot;classic&quot;}\">\n\t\t\t<div class=\"elementor-column-wrap elementor-element-populated\">\n\t\t\t\t\t\t\t<div class=\"elementor-widget-wrap\">\n\t\t\t\t\t\t<div class=\"elementor-element elementor-element-ee96d83 elementor-widget elementor-widget-text-editor\" data-id=\"ee96d83\" data-element_type=\"widget\" data-widget_type=\"text-editor.default\">\n\t\t\t\t<div class=\"elementor-widget-container\">\n\t\t\t\t\t<div class=\"elementor-text-editor elementor-clearfix\"><h4><span style=\"color: #344fa2;\">QUE MARCA QUERO DEIXAR NO MUNDO?<\/span><br \/><span style=\"color: #41ba7c;\">CONSTRUA O SEU PROP\u00d3SITO COM A METODOLOGIA<\/span><br \/><span style=\"color: #ed1c24;\">LEGO\u00ae SERIOUS PLAY\u00ae<\/span><\/h4><p>Muitas interven\u00e7\u00f5es de psicologia positiva dependem principalmente de processos cognitivos, deixando um grupo com muitas poucas maneiras de realmente explorar o bem-estar.\u00a0 \u00a0LEGO\u00ae SERIOUS PLAY\u00ae (LSP) \u00e9 um m\u00e9todo para desbloquear o potencial criativo e permitir a participa\u00e7\u00e3o de todos os participantes. Um processo para construir melhores e mais r\u00e1pidas tomadas de decis\u00f5es. \u00c9 apropriado para crian\u00e7as, adolescentes e adultos e pode ser usado em uma variedade de ambientes, desde workshops corporativos, salas de aula at\u00e9 sess\u00f5es de aconselhamento em grupo.\u00a0 Os participantes em todos os dom\u00ednios obt\u00eam habilidades aprimoradas para aprender colaborativamente, envolvendo suas imagina\u00e7\u00e3o e cren\u00e7as subjacentes de maneira mais eficaz e para abordar sua \u00e1rea de interesse com maior comprometimento e percep\u00e7\u00e3o.<\/p><p>Facilita\u00e7\u00e3o: <a href=\"https:\/\/www.linkedin.com\/in\/karen-cesar-b647a3a\" target=\"_blank\" rel=\"noopener\">Karen Cesar<\/a><\/p><p>At\u00e9 3 horas de dura\u00e7\u00e3o<br \/><span style=\"font-size: inherit; text-align: inherit; color: var( --e-global-color-text ); font-weight: var( --e-global-typography-text-font-weight ); letter-spacing: -0.015em;\">Hor\u00e1rio a definir em conjunto com os colearners<\/span><\/p><\/div>\n\t\t\t\t<\/div>\n\t\t\t\t<\/div>\n\t\t\t\t\t\t<\/div>\n\t\t\t\t\t<\/div>\n\t\t<\/div>\n\t\t\t\t\t\t\t\t<\/div>\n\t\t\t\t\t<\/div>\n\t\t<\/section>\n\t\t\t\t\t\t<\/div>\n\t\t\t\t\t<\/div>\n\t\t<\/div>\n\t\t\t\t\t\t\t\t<\/div>\n\t\t\t\t\t<\/div>\n\t\t<\/section>\n\t\t\t\t<section class=\"elementor-section elementor-top-section elementor-element elementor-element-d2117e8 lemon elementor-section-boxed elementor-section-height-default elementor-section-height-default\" data-id=\"d2117e8\" data-element_type=\"section\" id=\"contato\">\n\t\t\t\t\t\t<div class=\"elementor-container elementor-column-gap-default\">\n\t\t\t\t\t\t\t<div class=\"elementor-row\">\n\t\t\t\t\t<div class=\"elementor-column elementor-col-100 elementor-top-column elementor-element elementor-element-39b5bd2\" data-id=\"39b5bd2\" data-element_type=\"column\" data-settings=\"{&quot;background_background&quot;:&quot;classic&quot;}\">\n\t\t\t<div class=\"elementor-column-wrap elementor-element-populated\">\n\t\t\t\t\t\t\t<div class=\"elementor-widget-wrap\">\n\t\t\t\t\t\t<div class=\"elementor-element elementor-element-2138a59 call2action elementor-widget elementor-widget-text-editor\" data-id=\"2138a59\" data-element_type=\"widget\" data-widget_type=\"text-editor.default\">\n\t\t\t\t<div class=\"elementor-widget-container\">\n\t\t\t\t\t<div class=\"elementor-text-editor elementor-clearfix\"><p><span style=\"color: #ed1c24;\">Quer ser um colearner ou um<\/span><br \/><span style=\"color: #344fa2;\">coteacher <strong>WeLearn.Fun<\/strong>?<\/span><\/p><p><span style=\"color: #41ba7c;\">Fale com a gente.<\/span><br \/><a href=\"mailto:contato@welearn.fun\">contato@welearn.fun<\/a><\/p><\/div>\n\t\t\t\t<\/div>\n\t\t\t\t<\/div>\n\t\t\t\t\t\t<\/div>\n\t\t\t\t\t<\/div>\n\t\t<\/div>\n\t\t\t\t\t\t\t\t<\/div>\n\t\t\t\t\t<\/div>\n\t\t<\/section>\n\t\t\t\t\t\t<\/div>\n\t\t\t\t\t\t<\/div>\n\t\t\t\t\t<\/div>\n\t\t","protected":false},"excerpt":{"rendered":"<p>WeLearn.Fun Colearning O WeLearn.Fun Colearning \u00e9 um clube de aprendizagem que cria um ecossistema autossustent\u00e1vel, alimentado de conte\u00fado pelos pr\u00f3prios membros, e visa desenvolver as compet\u00eancias para lidar com o novo. A curadoria das din\u00e2micas traz metodologias divertidas, comprovadas pela neuroci\u00eancia, para destravar a criatividade, aprender a solucionar problemas complexos e abra\u00e7ar as mudan\u00e7as.\u00a0 O [&hellip;]<\/p>\n","protected":false},"author":1,"featured_media":0,"parent":0,"menu_order":0,"comment_status":"closed","ping_status":"closed","template":"elementor_header_footer","meta":[],"_links":{"self":[{"href":"https:\/\/welearn.fun\/index.php\/wp-json\/wp\/v2\/pages\/39"}],"collection":[{"href":"https:\/\/welearn.fun\/index.php\/wp-json\/wp\/v2\/pages"}],"about":[{"href":"https:\/\/welearn.fun\/index.php\/wp-json\/wp\/v2\/types\/page"}],"author":[{"embeddable":true,"href":"https:\/\/welearn.fun\/index.php\/wp-json\/wp\/v2\/users\/1"}],"replies":[{"embeddable":true,"href":"https:\/\/welearn.fun\/index.php\/wp-json\/wp\/v2\/comments?post=39"}],"version-history":[{"count":101,"href":"https:\/\/welearn.fun\/index.php\/wp-json\/wp\/v2\/pages\/39\/revisions"}],"predecessor-version":[{"id":222,"href":"https:\/\/welearn.fun\/index.php\/wp-json\/wp\/v2\/pages\/39\/revisions\/222"}],"wp:attachment":[{"href":"https:\/\/welearn.fun\/index.php\/wp-json\/wp\/v2\/media?parent=39"}],"curies":[{"name":"wp","href":"https:\/\/api.w.org\/{rel}","templated":true}]}}